{"id":424,"date":"2021-07-30T19:41:56","date_gmt":"2021-07-30T19:41:56","guid":{"rendered":"https:\/\/ozelplakahizmetleri34.com\/?page_id=424"},"modified":"2022-02-11T11:23:54","modified_gmt":"2022-02-11T11:23:54","slug":"finansal-kiralama-hizmetleri","status":"publish","type":"page","link":"https:\/\/ozelplakahizmetleri34.com\/?page_id=424","title":{"rendered":"Finansal Kiralama Hizmetleri"},"content":{"rendered":"\t\t<div data-elementor-type=\"wp-page\" data-elementor-id=\"424\" class=\"elementor elementor-424\" data-elementor-settings=\"[]\">\n\t\t\t\t\t\t<div class=\"elementor-inner\">\n\t\t\t\t\t\t\t<div class=\"elementor-section-wrap\">\n\t\t\t\t\t\t\t<section class=\"elementor-section elementor-top-section elementor-element elementor-element-bb20cda elementor-section-boxed elementor-section-height-default elementor-section-height-default\" data-id=\"bb20cda\" data-element_type=\"section\">\n\t\t\t\t\t\t<div class=\"elementor-container elementor-column-gap-default\">\n\t\t\t\t\t\t\t<div class=\"elementor-row\">\n\t\t\t\t\t<div class=\"elementor-column elementor-col-100 elementor-top-column elementor-element elementor-element-57d6050f\" data-id=\"57d6050f\" data-element_type=\"column\">\n\t\t\t<div class=\"elementor-column-wrap elementor-element-populated\">\n\t\t\t\t\t\t\t<div class=\"elementor-widget-wrap\">\n\t\t\t\t\t\t<div class=\"elementor-element elementor-element-ca82069 elementor-widget elementor-widget-text-editor\" data-id=\"ca82069\" data-element_type=\"widget\" data-widget_type=\"text-editor.default\">\n\t\t\t\t<div class=\"elementor-widget-container\">\n\t\t\t\t\t<div class=\"elementor-text-editor elementor-clearfix\"><!-- wp:html \/--><\/div>\n\t\t\t\t<\/div>\n\t\t\t\t<\/div>\n\t\t\t\t\t\t<\/div>\n\t\t\t\t\t<\/div>\n\t\t<\/div>\n\t\t\t\t\t\t\t\t<\/div>\n\t\t\t\t\t<\/div>\n\t\t<\/section>\n\t\t\t\t<section class=\"elementor-section elementor-top-section elementor-element elementor-element-a979a4a elementor-section-full_width elementor-section-stretched elementor-section-height-default elementor-section-height-default\" data-id=\"a979a4a\" data-element_type=\"section\" data-settings=\"{&quot;stretch_section&quot;:&quot;section-stretched&quot;}\">\n\t\t\t\t\t\t<div class=\"elementor-container elementor-column-gap-default\">\n\t\t\t\t\t\t\t<div class=\"elementor-row\">\n\t\t\t\t\t<div class=\"elementor-column elementor-col-100 elementor-top-column elementor-element elementor-element-c6564c9\" data-id=\"c6564c9\" data-element_type=\"column\">\n\t\t\t<div class=\"elementor-column-wrap elementor-element-populated\">\n\t\t\t\t\t\t\t<div class=\"elementor-widget-wrap\">\n\t\t\t\t\t\t<div class=\"elementor-element elementor-element-1f76ace elementor-widget elementor-widget-text-editor\" data-id=\"1f76ace\" data-element_type=\"widget\" data-widget_type=\"text-editor.default\">\n\t\t\t\t<div class=\"elementor-widget-container\">\n\t\t\t\t\t<div class=\"elementor-text-editor elementor-clearfix\"><section class=\"content\">\n<div class=\"container\">\n<div class=\"inner-page full-width row\">\n<div class=\"col-lg-12 col-md-12 col-sm-12 col-xs-12 padding-left-none padding-right-none\">\n<div class=\"blog-content\">\n<div class=\"blog-title\">\n<h2 class=\"margin-top-40\">Finansal Kiralama Hizmetleri<\/h2>\n<br \/>\n<p>Finansal Kiralama \u015eirketlerine verilen Hizmetlerimiz;<\/p>\n<ul>\n<li>S\u0131f\u0131r al\u0131nan ve Tescilline Tabi olan Ara\u00e7lar , Ziraat makinalar\u0131 ve \u0130\u015f makinalar\u0131n\u0131n Tescil birimlerinde tescil i\u015flemlerinin yap\u0131lmas\u0131.<\/li>\n<li>2. el ara\u00e7 al\u0131mlar\u0131nda kendi adlar\u0131na devri,<\/li>\n<li>S\u00f6zle\u015fme s\u00fcresi dolan ara\u00e7lar\u0131n M\u00fc\u015fteriye devri<\/li>\n<li>Fenni Muayene tespitinin yapt\u0131r\u0131lmas\u0131,<\/li>\n<li>Tek plaka ve \u00e7ift Plaka zayii i\u015flemlerinin yap\u0131lmas\u0131,<\/li>\n<li>Ruhsat zayii \u0130\u015flemlerinin yap\u0131lmas\u0131,<\/li>\n<li>Talep edilen durumlarda yap\u0131lan i\u015flemlerle ilgili Ruhsat plaka ve sigortan\u0131n g\u00f6nderilmesi.<\/li>\n<li>Zorunlu Trafik sigortalar\u0131n\u0131n takibi.<\/li>\n<\/ul>\n<\/div>\n<\/div>\n<div class=\"clearfix\">\u00a0<\/div>\n<\/div>\n<\/div>\n<\/div>\n<\/section>\n<div class=\"clearfix\">\u00a0<\/div>\n<footer class=\"design_2\">\n<div class=\"container\">\n<div class=\"row\">\n<div class=\"col-lg-4 col-md-4 col-sm-6 col-xs-12 padding-left-none md-padding-left-none sm-padding-left-15 xs-padding-left-15\">\u00a0<\/div>\n<\/div>\n<\/div>\n<\/footer><\/div>\n\t\t\t\t<\/div>\n\t\t\t\t<\/div>\n\t\t\t\t\t\t<\/div>\n\t\t\t\t\t<\/div>\n\t\t<\/div>\n\t\t\t\t\t\t\t\t<\/div>\n\t\t\t\t\t<\/div>\n\t\t<\/section>\n\t\t\t\t\t\t<\/div>\n\t\t\t\t\t\t<\/div>\n\t\t\t\t\t<\/div>\n\t\t","protected":false},"excerpt":{"rendered":"<p>Finansal Kiralama Hizmetleri Finansal Kiralama \u015eirketlerine verilen Hizmetlerimiz; S\u0131f\u0131r al\u0131nan ve Tescilline Tabi olan Ara\u00e7lar , Ziraat makinalar\u0131 ve \u0130\u015f makinalar\u0131n\u0131n Tescil birimlerinde tescil i\u015flemlerinin yap\u0131lmas\u0131. 2. el ara\u00e7 al\u0131mlar\u0131nda kendi adlar\u0131na devri, S\u00f6zle\u015fme s\u00fcresi dolan ara\u00e7lar\u0131n M\u00fc\u015fteriye devri Fenni Muayene tespitinin yapt\u0131r\u0131lmas\u0131, Tek plaka ve \u00e7ift Plaka zayii i\u015flemlerinin yap\u0131lmas\u0131, Ruhsat zayii \u0130\u015flemlerinin yap\u0131lmas\u0131, [&#8230;]\n","protected":false},"author":1,"featured_media":0,"parent":0,"menu_order":0,"comment_status":"closed","ping_status":"closed","template":"","meta":{"footnotes":""},"class_list":["post-424","page","type-page","status-publish","hentry"],"_links":{"self":[{"href":"https:\/\/ozelplakahizmetleri34.com\/index.php?rest_route=\/wp\/v2\/pages\/424","targetHints":{"allow":["GET"]}}],"collection":[{"href":"https:\/\/ozelplakahizmetleri34.com\/index.php?rest_route=\/wp\/v2\/pages"}],"about":[{"href":"https:\/\/ozelplakahizmetleri34.com\/index.php?rest_route=\/wp\/v2\/types\/page"}],"author":[{"embeddable":true,"href":"https:\/\/ozelplakahizmetleri34.com\/index.php?rest_route=\/wp\/v2\/users\/1"}],"replies":[{"embeddable":true,"href":"https:\/\/ozelplakahizmetleri34.com\/index.php?rest_route=%2Fwp%2Fv2%2Fcomments&post=424"}],"version-history":[{"count":4,"href":"https:\/\/ozelplakahizmetleri34.com\/index.php?rest_route=\/wp\/v2\/pages\/424\/revisions"}],"predecessor-version":[{"id":441,"href":"https:\/\/ozelplakahizmetleri34.com\/index.php?rest_route=\/wp\/v2\/pages\/424\/revisions\/441"}],"wp:attachment":[{"href":"https:\/\/ozelplakahizmetleri34.com\/index.php?rest_route=%2Fwp%2Fv2%2Fmedia&parent=424"}],"curies":[{"name":"wp","href":"https:\/\/api.w.org\/{rel}","templated":true}]}}