{"id":796,"date":"2025-01-09T06:41:22","date_gmt":"2025-01-09T06:41:22","guid":{"rendered":"https:\/\/ozelplakahizmetleri34.com\/?page_id=796"},"modified":"2025-01-09T07:00:02","modified_gmt":"2025-01-09T07:00:02","slug":"ozel-plaka-nedir","status":"publish","type":"page","link":"https:\/\/ozelplakahizmetleri34.com\/?page_id=796","title":{"rendered":"\u00d6zel Plaka Nedir ?"},"content":{"rendered":"\t\t<div data-elementor-type=\"wp-page\" data-elementor-id=\"796\" class=\"elementor elementor-796\" data-elementor-settings=\"[]\">\n\t\t\t\t\t\t<div class=\"elementor-inner\">\n\t\t\t\t\t\t\t<div class=\"elementor-section-wrap\">\n\t\t\t\t\t\t\t<section class=\"elementor-section elementor-top-section elementor-element elementor-element-226a73de elementor-section-boxed elementor-section-height-default elementor-section-height-default\" data-id=\"226a73de\" data-element_type=\"section\">\n\t\t\t\t\t\t<div class=\"elementor-container elementor-column-gap-default\">\n\t\t\t\t\t\t\t<div class=\"elementor-row\">\n\t\t\t\t\t<div class=\"elementor-column elementor-col-100 elementor-top-column elementor-element elementor-element-45903d3c\" data-id=\"45903d3c\" data-element_type=\"column\">\n\t\t\t<div class=\"elementor-column-wrap elementor-element-populated\">\n\t\t\t\t\t\t\t<div class=\"elementor-widget-wrap\">\n\t\t\t\t\t\t<div class=\"elementor-element elementor-element-58c241a9 elementor-widget elementor-widget-text-editor\" data-id=\"58c241a9\" data-element_type=\"widget\" data-widget_type=\"text-editor.default\">\n\t\t\t\t<div class=\"elementor-widget-container\">\n\t\t\t\t\t<div class=\"elementor-text-editor elementor-clearfix\"><p><!-- wp:group {\"layout\":{\"type\":\"constrained\"}} --><\/p>\n<div class=\"wp-block-group\"><p><!-- wp:columns --><\/p>\n<div class=\"wp-block-columns\"><p><!-- wp:column {\"width\":\"100%\"} --><\/p>\n<div class=\"wp-block-column\" style=\"flex-basis: 100%;\"><!-- wp:html --> <strong>\u00d6zel Plaka almak \u0130stiyorsan\u0131z do\u011fru yerdesiniz! <br><br>Kendiniz, \u015firketiniz, tuttu\u011funuz tak\u0131m\u0131n veya sevdiklerinizin ba\u015f harfleri ve sizin \u0130\u00e7in anlam \u0130fade eden say\u0131lardan olu\u015fan ; Sizde \u00f6zel plaka \u00e7\u0131kartmak yada d\u00fc\u015f\u00fcnd\u00fc\u011f\u00fcn\u00fcz plaka kombinasyonu \u00d6zel Plaka Hizmetleri 34 olarak en uygun fiyatlarla en h\u0131zl\u0131 ve en kaliteli hizmeti sunuyoruz. <\/strong><br><strong><br>Sizin Hen\u00fcz \u00d6zel Plakan\u0131z Yok Mu ?<\/strong><br><strong> Ad\u0131n\u0131z soyad\u0131n\u0131z , memleketiniz , sevdiklerinizin ba\u015f harfleri veya destekledi\u011finiz tak\u0131ma uygun \u00f6zel plaka \u0130\u015flemleri \u0130\u00e7in bizimle \u0130leti\u015fime ge\u00e7ebilirsiniz. <\/strong><br><strong><br>\u00d6zel Plaka Nedir ? <\/strong><br><strong>Mevcut kulland\u0131\u011f\u0131n\u0131z ara\u00e7lar\u0131n veya yeni alacak oldu\u011funuz ara\u00e7lar\u0131n\u0131za uygulam\u0131\u015f oldu\u011fumuz harf ve rakam b\u00fct\u00fcnl\u00fc\u011f\u00fcd\u00fcr. Talebinize g\u00f6re sizin i\u00e7in anlam ifade eden harf ve rakam kombinasyonunu trafik tescil ve noterler arac\u0131l\u0131\u011f\u0131yla arac\u0131n\u0131za tak\u0131yoruz.<\/strong> <!-- \/wp:html --><\/div>\n<p><!-- \/wp:column --><\/p><\/div>\n<p><!-- \/wp:columns --><\/p><\/div>\n<p><!-- \/wp:group --><\/p><\/div>\n\t\t\t\t<\/div>\n\t\t\t\t<\/div>\n\t\t\t\t\t\t<\/div>\n\t\t\t\t\t<\/div>\n\t\t<\/div>\n\t\t\t\t\t\t\t\t<\/div>\n\t\t\t\t\t<\/div>\n\t\t<\/section>\n\t\t\t\t<section class=\"elementor-section elementor-top-section elementor-element elementor-element-bed3a52 elementor-section-boxed elementor-section-height-default elementor-section-height-default\" data-id=\"bed3a52\" data-element_type=\"section\">\n\t\t\t\t\t\t<div class=\"elementor-container elementor-column-gap-default\">\n\t\t\t\t\t\t\t<div class=\"elementor-row\">\n\t\t\t\t\t<div class=\"elementor-column elementor-col-100 elementor-top-column elementor-element elementor-element-0e3f9da\" data-id=\"0e3f9da\" data-element_type=\"column\">\n\t\t\t<div class=\"elementor-column-wrap elementor-element-populated\">\n\t\t\t\t\t\t\t<div class=\"elementor-widget-wrap\">\n\t\t\t\t\t\t<div class=\"elementor-element elementor-element-4dff8bf elementor-widget elementor-widget-text-editor\" data-id=\"4dff8bf\" data-element_type=\"widget\" data-widget_type=\"text-editor.default\">\n\t\t\t\t<div class=\"elementor-widget-container\">\n\t\t\t\t\t<div class=\"elementor-text-editor elementor-clearfix\"><p><strong>Peki \u00d6zel Plaka Nas\u0131l Al\u0131n\u0131r ?<\/strong><\/p>\n<p><strong>Bu a\u015famada arac\u0131n\u0131z s\u0131f\u0131r \u0130se motor \u015fase numaras\u0131 Belli oldu\u011fu Vakit \u0130stedi\u011finiz plakay\u0131 Sorgulay\u0131p Belirledi\u011fimiz Takdirde\u00a0<\/strong><br \/><strong>m\u00fcsait Olma durumuna g\u00f6re \u0130\u015fleyebiliriz.<\/strong><br \/><strong>Fakat mevcut ara\u00e7 veya 2. el al\u0131nacak bir ara\u00e7 \u0130se \u00dczerindeki Plaka 34 olmamal\u0131d\u0131r.<\/strong><br \/><strong>t\u00fcm \u0130\u015flemleriniz taraf\u0131m\u0131zca yap\u0131l\u0131p<\/strong><br \/><strong>\u0130stedi\u011finiz plakaya sahip olabilirsiniz.<\/strong><\/p>\n<p><strong>\u00d6zel Plaka Ald\u0131\u011f\u0131mda Plakaya Ayr\u0131 Vergi \u00d6der miyim ?<\/strong><\/p>\n<p><strong>Hay\u0131r . \u00d6zel plaka talebinizde sadece al\u0131rken bir defaya mahsus olmak \u00fczere \u00fccret \u00f6dersiniz . Vergi , har\u00e7 V.B<\/strong><br \/><strong>\u00f6demeler kesinlikle yoktur.<\/strong><\/p>\n<p><strong>\u00d6zel Plaka Fiyatlar\u0131 Nelerdir ?<\/strong><\/p>\n<p><strong>\u00d6zel plaka fiyatlar\u0131 \u0130kili ve \u00fc\u00e7l\u00fc harf kombinasyonuna ve plakaya olan ra\u011fbete g\u00f6re de\u011fi\u015fiklik g\u00f6stermektedir.<\/strong><br \/><strong>Yani tamamen sizin \u0130stemi\u015f oldu\u011funuz plakaya g\u00f6re fiyat de\u011fi\u015fir.<\/strong><\/p>\n<p><strong>S\u0131f\u0131r Alaca\u011f\u0131m Araca \u00d6zel Plaka Alabilir miyim ?<\/strong><\/p>\n<p><strong>Bayi\u2019 den alaca\u011f\u0131n\u0131z arac\u0131n\u0131z\u0131 daha trafi\u011fe \u00e7\u0131kartmadan \u00f6zel plaka sahibi olabilirsiniz. \u0130\u015flem esnas\u0131nda bayiden ad\u0131n\u0131za d\u00fczenlenmi\u015f olan proforma faturan\u0131z olmas\u0131 yeterlidir.<\/strong><\/p>\n<p><strong>\u00d6zel Plaka Fiyatlar\u0131n\u0131 Kim Belirler ?<\/strong><\/p>\n<p><strong>\u00d6zel plaka fiyatlar\u0131n\u0131 emniyet genel m\u00fcd\u00fcrl\u00fckleri belirler. Baz\u0131 \u00f6zel plakalar\u0131n fiyatlar\u0131 15 bin TL \u0130ken baz\u0131lar\u0131n\u0131n fiyatlar\u0131 25 bin 30 bin 50 bin TL olabilmektedir. Fiyatlar aras\u0131ndaki bu fark arz taleple kaynaklanmaktad\u0131r. Harf kombinasyonuna talep ne kadar \u00e7oksa plakan\u0131n fiyat\u0131 da o kadar artmaktad\u0131r.<\/strong><\/p>\n<p><strong>Arac\u0131m 34 Plaka \u00d6zel Plaka Alabilir miyim ?<\/strong><\/p>\n<p><strong>Yeni \u00e7\u0131kan y\u00f6netmenli\u011fe g\u00f6re 34 plakal\u0131 arac\u0131n\u0131za 34 olarak \u00f6zel plaka talebinde bulunam\u0131yorsunuz . B\u00f6yle bir durumda \u00f6ncelikle arac\u0131n\u0131z\u0131 \u0130l d\u0131\u015f\u0131 plaka yapman\u0131z gerekmektedir . \u00d6rnek verecek olursak \u015fehir d\u0131\u015f\u0131nda \u0130kameti olan bir vatanda\u015fa sat\u0131\u015f verip arac\u0131n\u0131z\u0131 34 plakadan \u00e7\u0131kart\u0131yorsunuz sonras\u0131nda o vatanda\u015ftan tekrar geri al\u0131rken \u00f6zel plaka \u0130\u015fleminizi ger\u00e7ekle\u015ftirebiliriz<\/strong><\/p>\n<p>\u00a0<\/p><\/div>\n\t\t\t\t<\/div>\n\t\t\t\t<\/div>\n\t\t\t\t\t\t<\/div>\n\t\t\t\t\t<\/div>\n\t\t<\/div>\n\t\t\t\t\t\t\t\t<\/div>\n\t\t\t\t\t<\/div>\n\t\t<\/section>\n\t\t\t\t\t\t<\/div>\n\t\t\t\t\t\t<\/div>\n\t\t\t\t\t<\/div>\n\t\t","protected":false},"excerpt":{"rendered":"<p>\u00d6zel Plaka almak \u0130stiyorsan\u0131z do\u011fru yerdesiniz! Kendiniz, \u015firketiniz, tuttu\u011funuz tak\u0131m\u0131n veya sevdiklerinizin ba\u015f harfleri ve sizin \u0130\u00e7in anlam \u0130fade eden say\u0131lardan olu\u015fan ; Sizde \u00f6zel plaka \u00e7\u0131kartmak yada d\u00fc\u015f\u00fcnd\u00fc\u011f\u00fcn\u00fcz plaka kombinasyonu \u00d6zel Plaka Hizmetleri 34 olarak en uygun fiyatlarla en h\u0131zl\u0131 ve en kaliteli hizmeti sunuyoruz. Sizin Hen\u00fcz \u00d6zel Plakan\u0131z Yok Mu ? Ad\u0131n\u0131z soyad\u0131n\u0131z [&#8230;]\n","protected":false},"author":1,"featured_media":0,"parent":0,"menu_order":0,"comment_status":"closed","ping_status":"closed","template":"","meta":{"footnotes":""},"class_list":["post-796","page","type-page","status-publish","hentry"],"_links":{"self":[{"href":"https:\/\/ozelplakahizmetleri34.com\/index.php?rest_route=\/wp\/v2\/pages\/796","targetHints":{"allow":["GET"]}}],"collection":[{"href":"https:\/\/ozelplakahizmetleri34.com\/index.php?rest_route=\/wp\/v2\/pages"}],"about":[{"href":"https:\/\/ozelplakahizmetleri34.com\/index.php?rest_route=\/wp\/v2\/types\/page"}],"author":[{"embeddable":true,"href":"https:\/\/ozelplakahizmetleri34.com\/index.php?rest_route=\/wp\/v2\/users\/1"}],"replies":[{"embeddable":true,"href":"https:\/\/ozelplakahizmetleri34.com\/index.php?rest_route=%2Fwp%2Fv2%2Fcomments&post=796"}],"version-history":[{"count":11,"href":"https:\/\/ozelplakahizmetleri34.com\/index.php?rest_route=\/wp\/v2\/pages\/796\/revisions"}],"predecessor-version":[{"id":816,"href":"https:\/\/ozelplakahizmetleri34.com\/index.php?rest_route=\/wp\/v2\/pages\/796\/revisions\/816"}],"wp:attachment":[{"href":"https:\/\/ozelplakahizmetleri34.com\/index.php?rest_route=%2Fwp%2Fv2%2Fmedia&parent=796"}],"curies":[{"name":"wp","href":"https:\/\/api.w.org\/{rel}","templated":true}]}}